{"id":1302,"date":"2022-05-31T20:54:10","date_gmt":"2022-05-31T20:54:10","guid":{"rendered":"http:\/\/elpoderrestauradordelamor.com\/?page_id=1302"},"modified":"2023-01-07T15:39:48","modified_gmt":"2023-01-07T20:39:48","slug":"mision-y-vision","status":"publish","type":"page","link":"https:\/\/elpoderrestauradordelamor.com\/?page_id=1302","title":{"rendered":"Misi\u00f3n y Visi\u00f3n"},"content":{"rendered":"\n<blockquote class=\"wp-block-quote has-text-align-left is-style-default has-medium-font-size is-layout-flow wp-block-quote-is-layout-flow\">\n<p><\/p>\n\n\n\n<p><img decoding=\"async\" class=\"wp-image-1361\" style=\"width: 150px;\" src=\"https:\/\/elpoderrestauradordelamor.com\/wp-content\/uploads\/2022\/06\/Rauda_Misio\u0301n-y-Visio\u0301n.png\" alt=\"\"><br>Misi\u00f3n:\u00a0 Existimos por El Poder Restaurador del Amor y la Misericordia de Dios.<\/p>\n<\/blockquote>\n\n\n\n<blockquote class=\"wp-block-quote has-text-align-left is-layout-flow wp-block-quote-is-layout-flow\">\n<p>Visi\u00f3n: Queremos que cada persona que visite esta p\u00e1gina, sin importar la circunstancia que est\u00e9 pasando reciba El poder Restaurador del Amor de Dios.<\/p>\n<\/blockquote>\n\n\n\n<p><\/p>\n\n\n\n<p><\/p>\n","protected":false},"excerpt":{"rendered":"<p>Misi\u00f3n:\u00a0 Existimos por El Poder Restaurador del Amor y la Misericordia de Dios. Visi\u00f3n: Queremos que cada persona que visite esta p\u00e1gina, sin importar la circunstancia que est\u00e9 pasando reciba El poder Restaurador del Amor de Dios.<\/p>\n","protected":false},"author":2,"featured_media":0,"parent":0,"menu_order":0,"comment_status":"closed","ping_status":"closed","template":"templates\/template-page-full-width.php","meta":{"footnotes":""},"class_list":["post-1302","page","type-page","status-publish","hentry"],"_links":{"self":[{"href":"https:\/\/elpoderrestauradordelamor.com\/index.php?rest_route=\/wp\/v2\/pages\/1302","targetHints":{"allow":["GET"]}}],"collection":[{"href":"https:\/\/elpoderrestauradordelamor.com\/index.php?rest_route=\/wp\/v2\/pages"}],"about":[{"href":"https:\/\/elpoderrestauradordelamor.com\/index.php?rest_route=\/wp\/v2\/types\/page"}],"author":[{"embeddable":true,"href":"https:\/\/elpoderrestauradordelamor.com\/index.php?rest_route=\/wp\/v2\/users\/2"}],"replies":[{"embeddable":true,"href":"https:\/\/elpoderrestauradordelamor.com\/index.php?rest_route=%2Fwp%2Fv2%2Fcomments&post=1302"}],"version-history":[{"count":25,"href":"https:\/\/elpoderrestauradordelamor.com\/index.php?rest_route=\/wp\/v2\/pages\/1302\/revisions"}],"predecessor-version":[{"id":1557,"href":"https:\/\/elpoderrestauradordelamor.com\/index.php?rest_route=\/wp\/v2\/pages\/1302\/revisions\/1557"}],"wp:attachment":[{"href":"https:\/\/elpoderrestauradordelamor.com\/index.php?rest_route=%2Fwp%2Fv2%2Fmedia&parent=1302"}],"curies":[{"name":"wp","href":"https:\/\/api.w.org\/{rel}","templated":true}]}}